{"id":433,"date":"2014-07-18T14:35:49","date_gmt":"2014-07-18T12:35:49","guid":{"rendered":"http:\/\/stonerockfestival.de\/rockampool\/?page_id=433"},"modified":"2020-10-19T10:54:58","modified_gmt":"2020-10-19T08:54:58","slug":"jugendschutz","status":"publish","type":"page","link":"http:\/\/stonerockfestival.de\/rockampool\/info\/jugendschutz\/","title":{"rendered":"Jugendschutz"},"content":{"rendered":"<p>Beim Rock am Pool gilt das deutsche Jugendschutzgesetz (JuSchG).<\/p>\n<p><strong>Alter von 0 bis einschlie\u00dflich 12 Jahre<\/strong><br \/>\nZutritt zum Festivalgel\u00e4nde\u00a0<span style=\"text-decoration: underline;\">nur<\/span> mit Personensorgeberechtigtem<\/p>\n<p><strong>Alter von 13 bis einschlie\u00dflich 15 Jahre<\/strong><br \/>\nZutritt zum Festivalgel\u00e4nde\u00a0<span style=\"text-decoration: underline;\">nur<\/span> mit Erziehungsbeauftragtem oder Personensorgeberechtigtem<\/p>\n<p><strong>Alter von 16 bis einschlie\u00dflich 17 Jahre<\/strong><br \/>\n<span style=\"text-decoration: underline;\">Ab 24:00 Uhr:<\/span> Zutritt zum Festivalgel\u00e4nde: <span style=\"text-decoration: underline;\">nur<\/span> mit Erziehungsbeauftragtem oder Personensorgeberechtigtem<br \/>\nJugendliche von 16 bis einschlie\u00dflich 17 Jahre ohne Erziehungsbeauftragtem oder Personensorgeberechtigtem haben bis 24:00 Uhr das Festivalgel\u00e4nde zu verlassen!<\/p>\n<hr \/>\n<p><strong><br \/>\nWer ist ein Personensorgeberechtigter?<\/strong><br \/>\nPersonensorgeberechtigter ist die Person, der allein oder gemeinsam mit einer anderen Per\u00adson nach den Vorschriften des B\u00fcrgerlichen Gesetzbuchs die Personensorge zusteht. In der Regel sind dies die Eltern.<\/p>\n<p><strong>Und wer ist ein Erziehungsbeauftragter?<\/strong><br \/>\nErziehungsbeauftragter ist jede Person \u00fcber 18 Jahren, soweit sie f\u00fcr die Zeit der Veran\u00adstaltung auf Grund einer schriftlichen Vereinbarung mit der personensorgeberechtigten Per\u00adson Erziehungsaufgaben wahrnimmt.<br \/>\nBei Begleitung des Kindes oder Jugendlichen durch einen Erziehungsbeauftragten muss die \u201eVereinbarung zur Erziehungsbeauftragung\u201c rechtsverbindlich ausgefertigt und unterschrie\u00adben sein. Dieses Dokument ist vom Erziehungsbeauftragten samt Ausweis immer bei sich zu f\u00fchren. Sollte dies bei einer Kontrolle nicht gegeben sein, droht ein polizeilicher Verweis und eine Meldung an das zust\u00e4ndige Jugendamt. Es muss die M\u00f6glichkeit der Heimfahrt der zu beaufsichtigenden Person gew\u00e4hrleistet sein. Wir weisen ausdr\u00fccklich darauf hin, dass die Personensorgeberechtigten, also in der Regel die Eltern, in ihrer Verantwortung entscheiden, wer den Erziehungsauftrag \u00fcbernehmen kann und in welchem Umfang dieser \u00fcbertragen wird. Auch die Person, der die Erziehung \u00fcber\u00adtragen wird, sollte sich dar\u00fcber im Klaren sein, welche Verantwortung hierdurch \u00fcbernom\u00admen wird. Ihr k\u00f6nnt Euch die Vereinbarung\u00a0hier unten\u00a0downloaden!<\/p>\n<p><strong>Wie sieht das\u00a0dann mit Alkohol aus?<br \/>\n<\/strong>Auch das Alkoholverbot f\u00fcr Jugendliche unter 18 Jahren, das auch den Konsum von branntweinhaltigen Mixgetr\u00e4nken beinhaltet, bleibt bestehen.<\/p>\n<hr \/>\n<p><strong><br \/>\n<a href=\"http:\/\/stonerockfestival.de\/rockampool\/wp-content\/uploads\/2016\/05\/Erziehungsbeauftragung_2016.pdf\">Die Erziehungsbeauftragung k\u00f6nnt ihr hier herunterladen.<\/a><br \/>\n<\/strong><\/p>\n<p><strong>Bei weiteren Fragen meldet Euch unter <a title=\"Du hast eine Frage? Schreib uns!\" href=\"mailto:info@kulturforum-bentheim.de\" target=\"_blank\">info(at)kulturforum-bentheim.de<\/a><\/strong><\/p>\n","protected":false},"excerpt":{"rendered":"<p>Beim Rock am Pool gilt das deutsche Jugendschutzgesetz (JuSchG). Alter von 0 bis einschlie\u00dflich 12 Jahre Zutritt zum Festivalgel\u00e4nde\u00a0nur mit Personensorgeberechtigtem Alter von 13 bis einschlie\u00dflich 15 Jahre Zutritt zum Festivalgel\u00e4nde\u00a0nur mit Erziehungsbeauftragtem oder Personensorgeberechtigtem Alter von 16 bis einschlie\u00dflich 17 Jahre Ab 24:00 Uhr: Zutritt zum Festivalgel\u00e4nde: nur mit Erziehungsbeauftragtem oder Personensorgeberechtigtem Jugendliche von [&hellip;]<\/p>\n","protected":false},"author":1,"featured_media":0,"parent":193,"menu_order":0,"comment_status":"closed","ping_status":"closed","template":"page-full-width.php","meta":[],"_links":{"self":[{"href":"http:\/\/stonerockfestival.de\/rockampool\/wp-json\/wp\/v2\/pages\/433"}],"collection":[{"href":"http:\/\/stonerockfestival.de\/rockampool\/wp-json\/wp\/v2\/pages"}],"about":[{"href":"http:\/\/stonerockfestival.de\/rockampool\/wp-json\/wp\/v2\/types\/page"}],"author":[{"embeddable":true,"href":"http:\/\/stonerockfestival.de\/rockampool\/wp-json\/wp\/v2\/users\/1"}],"replies":[{"embeddable":true,"href":"http:\/\/stonerockfestival.de\/rockampool\/wp-json\/wp\/v2\/comments?post=433"}],"version-history":[{"count":14,"href":"http:\/\/stonerockfestival.de\/rockampool\/wp-json\/wp\/v2\/pages\/433\/revisions"}],"predecessor-version":[{"id":812,"href":"http:\/\/stonerockfestival.de\/rockampool\/wp-json\/wp\/v2\/pages\/433\/revisions\/812"}],"up":[{"embeddable":true,"href":"http:\/\/stonerockfestival.de\/rockampool\/wp-json\/wp\/v2\/pages\/193"}],"wp:attachment":[{"href":"http:\/\/stonerockfestival.de\/rockampool\/wp-json\/wp\/v2\/media?parent=433"}],"curies":[{"name":"wp","href":"https:\/\/api.w.org\/{rel}","templated":true}]}}