{"id":274,"date":"2014-04-21T15:08:01","date_gmt":"2014-04-21T13:08:01","guid":{"rendered":"http:\/\/stonerockfestival.de\/rockampool\/?page_id=274"},"modified":"2020-10-19T10:54:58","modified_gmt":"2020-10-19T08:54:58","slug":"agb","status":"publish","type":"page","link":"http:\/\/stonerockfestival.de\/rockampool\/info\/agb\/","title":{"rendered":"AGB"},"content":{"rendered":"<ol>\n<li>Auf dem Veranstaltungsgel\u00e4nde gilt das Jugendschutzgesetz. Jugendliche unter 16 Jahre kommen nur mit Aufsichtsperson oder Vollmacht eines Erziehungsberechtigten in die Veranstaltung. Jugendliche von 16 und 17 Jahren k\u00f6nnen ohne Aufsichtsperson oder Vollmacht bis 24 Uhr auf dem Gel\u00e4nde bleiben und m\u00fcssen es dann verlassen! <a title=\"Jugendschutz\" href=\"http:\/\/stonerockfestival.de\/rockampool\/info\/jugendschutz\/\" target=\"_blank\">Hier<\/a> k\u00f6nnt Ihr Euch eine Erziehungsbeauftragung runterladen. Es gelten ausdr\u00fccklich die Bestimmungen des Jugendschutzgesetzes!<\/li>\n<li>Bei diesem Musikfestival kann es aufgrund der Lautst\u00e4rke Gefahr von m\u00f6glichen H\u00f6r- und Gesundheitssch\u00e4den kommen.<\/li>\n<li>Das Mitbringen von Glasbeh\u00e4ltern, Dosen, Plastikkanistern, pyrotechnischen Gegenst\u00e4nden, Fackeln, Waffen und anderen gef\u00e4hrlichen Werkzeugen, gesundheitsgef\u00e4hrdenden Stoffe jeder Art, Hunden sowie anderen Tieren jeder Art, Plastikflaschen, NS-Gegenst\u00e4nden &amp; Kleidung sowie professionellen Aufzeichnungsger\u00e4ten f\u00fcr Ton-, Bild\u2013 und Videoaufnahmen ist untersagt. Bei Nichtbeachtung erfolgt der Verweis von dem Veranstaltungsgel\u00e4nde und dem dazugeh\u00f6rigen Parkplatz.<\/li>\n<li>Beim Einlass findet eine Sicherheitskontrolle statt. Das Sicherheitspersonal ist berechtigt, Durchsuchungen durchzuf\u00fchren. Bei dem Verdacht des Beisichf\u00fchrens verbotener Gegenst\u00e4nde (vgl. Ziffer 3) ist das Sicherheitspersonal berechtigt, Taschenkontrollen und Durchsuchungen der Besucher selbst und ggf. Leibesvisitationen durchzuf\u00fchren. Das Sicherheitspersonal kann den Eintritt verweigern, wenn ein Besucher die Durchf\u00fchrung von Durchsuchungen etc. verweigert.<\/li>\n<li>Das Recht, den Einlass aus wichtigem Grund zu verwehren, bleibt dem Veranstalter gegen Erstattung des Nennwertes der Eintrittskarte, vorbehalten.<\/li>\n<li>F\u00fcr das Parken gelten die gesetzlichen Bestimmungen der StVO. Bitte beachten Sie die Hinweise der Ordnungskr\u00e4fte. Das Parken auf den ausgewiesenen Parkpl\u00e4tzen erfolgt auf eigene Gefahr.<\/li>\n<li>Auch nach dem Eintritt ist den Anweisungen des Sicherheitspersonals jederzeit Folge zu leisten. Weigerungen k\u00f6nnen zum Platzverweis f\u00fchren. Wir bitten um Beachtung s\u00e4mtlicher Hinweisschilder.<\/li>\n<li>Das Mitbringen und Nutzen von Fotokameras (auch digital) ist ausdr\u00fccklich erlaubt, soweit es sich nicht um professionelle Aufzeichnungsger\u00e4te (oder Spiegelreflexkameras) mit hochaufl\u00f6senden Zoomobjektiven handelt. Ton- und Filmaufnahmen \u2013 auch f\u00fcr den privaten gebrauch -sind ausdr\u00fccklich untersagt, es sei denn eine solche Aufnahme wir vor Beginn der Veranstaltung schriftlich durch die Veranstalter genehmigt. F\u00fcr eine Genehmigung bitte Kontakt aufnehmen mit Dennis Kley \u00fcber <a title=\"dennis.kley@ujh-bentheim.de\" href=\"mailto:dennis.kley@ujh-bentheim.de\" target=\"_blank\">dennis.kley(at)ujh-bentheim.de<\/a>. Widerrechtlich angefertigte Aufnahmen werden zivil- und strafrechtlich verfolgt.<\/li>\n<li>Vertragliche Beziehungen kommen durch den Erwerb der Eintrittskarte ausschlie\u00dflich zwischen dem Erwerber und Inhaber der Eintrittskarte und dem Veranstalter zustande.<\/li>\n<li>Zur\u00fccknahme der Eintrittskarte nur bei Absage der Veranstaltung. Es wird nur der Nennwert der Eintrittskarte erstattet.<\/li>\n<li>Der Veranstalter beh\u00e4lt sich das Recht vor, die Veranstaltung \u00f6rtlich und\/oder terminlich zu verlegen. Macht der Veranstalter von diesem Recht Gebrauch, so kann der Karteninhaber die R\u00fcckerstattung des gezahlten Preises bis zur H\u00f6he des Nennwertes der Eintrittskarte verlangen.<\/li>\n<li>Der Veranstalter beh\u00e4lt sich das Recht vor, ohne vorherige Ank\u00fcndigung das Programm zu \u00e4ndern.<\/li>\n<li>Der Veranstalter haftet nicht f\u00fcr gestohlenes, oder verloren gegangenes Eigentum sowie f\u00fcr Besch\u00e4digungen oder den Verlust von Eigentum durch Feuer, Naturereignisse oder sonstige Vorkommnisse.<\/li>\n<li>Bei einer Verletzung des Lebens, des K\u00f6rpers oder der Gesundheit, die auf einer fahrl\u00e4ssigen Pflichtverletzung des Veranstalters oder einer vors\u00e4tzlichen oder fahrl\u00e4ssigen Pflichtverletzung des gesetzlichen Vertreter des Veranstalters oder Erf\u00fcllungsgehilfen beruht, bestimmt sich die Haftung nach den gesetzlichen Bestimmungen. Das gleiche gilt f\u00fcr sonstige Sch\u00e4den die auf einer grob fahrl\u00e4ssigen Pflichtverletzung des Veranstalters oder einer vors\u00e4tzlichen oder grob fahrl\u00e4ssigen Pflichtverletzung seiner gesetzlichen Vertreter oder seiner Erf\u00fcllungsgehilfen oder auf einer vors\u00e4tzlichen oder grob fahrl\u00e4ssigen Pflichtverletzung der genannten Personen beruhen. F\u00fcr sonstige Sch\u00e4den, insbesondere Sach- und Verm\u00f6genssch\u00e4den, die auf der Verletzung wesentlicher Pflichten infolge leichter Fahrl\u00e4ssigkeit des Veranstalters, seiner gesetzlichen Vertreter oder Erf\u00fcllungsgehilfen beruhen, sind Schadensersatzanspr\u00fcche ausgeschlossen. Gleiches gilt f\u00fcr Sch\u00e4den, die auf der Verletzung von Nebenpflichten im Falle leichter Fahrl\u00e4ssigkeit beruhen.<\/li>\n<li>Um den Schwarzmarkthandel mit Eintrittskarten zu unterbinden, bitten wir euch, Karten nur an den offiziellen Vorverkaufsstellen zu kaufen.<\/li>\n<li>Sollte ein Besucher andere anwesende Personen bedrohen oder Gewalt gegen diese anwenden, der Betroffene unverz\u00fcglich des Platzes verwiesen. Gleiches gilt bei Besch\u00e4digung der Einz\u00e4unung oder sonstigen Anlagen des Veranstalters oder der Ordnungs-Institutionen. Jedes ggf. strafbare Verhalten wird zur Anzeige gebracht.<\/li>\n<li>Das Verbreiten rechtsextremistischer Parolen und das Tragen solcher Symbole f\u00fchren zum Ausschluss von der Veranstaltung.<\/li>\n<li>Mit dem Erwerb der Eintrittskarte erkl\u00e4rt sich jeder Besucher damit der Ver\u00f6ffentlichung von Bildmaterial einverstanden, welches von Presse und Veranstaltern auf dem Festivalgel\u00e4nde aufgenommen wird. Dies gilt auch f\u00fcr Bild- und Tonaufnahmen, auf denen der einzelne Besucher einzeln identifiziert werden kann.<\/li>\n<\/ol>\n<p>Stand: 01.06.2016<\/p>\n","protected":false},"excerpt":{"rendered":"<p>Auf dem Veranstaltungsgel\u00e4nde gilt das Jugendschutzgesetz. Jugendliche unter 16 Jahre kommen nur mit Aufsichtsperson oder Vollmacht eines Erziehungsberechtigten in die Veranstaltung. Jugendliche von 16 und 17 Jahren k\u00f6nnen ohne Aufsichtsperson oder Vollmacht bis 24 Uhr auf dem Gel\u00e4nde bleiben und m\u00fcssen es dann verlassen! Hier k\u00f6nnt Ihr Euch eine Erziehungsbeauftragung runterladen. Es gelten ausdr\u00fccklich die [&hellip;]<\/p>\n","protected":false},"author":1,"featured_media":0,"parent":193,"menu_order":0,"comment_status":"closed","ping_status":"closed","template":"page-full-width.php","meta":[],"_links":{"self":[{"href":"http:\/\/stonerockfestival.de\/rockampool\/wp-json\/wp\/v2\/pages\/274"}],"collection":[{"href":"http:\/\/stonerockfestival.de\/rockampool\/wp-json\/wp\/v2\/pages"}],"about":[{"href":"http:\/\/stonerockfestival.de\/rockampool\/wp-json\/wp\/v2\/types\/page"}],"author":[{"embeddable":true,"href":"http:\/\/stonerockfestival.de\/rockampool\/wp-json\/wp\/v2\/users\/1"}],"replies":[{"embeddable":true,"href":"http:\/\/stonerockfestival.de\/rockampool\/wp-json\/wp\/v2\/comments?post=274"}],"version-history":[{"count":8,"href":"http:\/\/stonerockfestival.de\/rockampool\/wp-json\/wp\/v2\/pages\/274\/revisions"}],"predecessor-version":[{"id":814,"href":"http:\/\/stonerockfestival.de\/rockampool\/wp-json\/wp\/v2\/pages\/274\/revisions\/814"}],"up":[{"embeddable":true,"href":"http:\/\/stonerockfestival.de\/rockampool\/wp-json\/wp\/v2\/pages\/193"}],"wp:attachment":[{"href":"http:\/\/stonerockfestival.de\/rockampool\/wp-json\/wp\/v2\/media?parent=274"}],"curies":[{"name":"wp","href":"https:\/\/api.w.org\/{rel}","templated":true}]}}