{"id":271,"date":"2014-04-21T15:01:45","date_gmt":"2014-04-21T13:01:45","guid":{"rendered":"http:\/\/stonerockfestival.de\/rockampool\/?page_id=271"},"modified":"2020-10-19T10:54:58","modified_gmt":"2020-10-19T08:54:58","slug":"anreise","status":"publish","type":"page","link":"http:\/\/stonerockfestival.de\/rockampool\/info\/anreise\/","title":{"rendered":"Anreise"},"content":{"rendered":"<div class=\"google-maps\"><div class=\"videoContainer\"><iframe loading=\"lazy\" style=\"border: 0;\" src=\"https:\/\/www.google.com\/maps\/embed?pb=!1m18!1m12!1m3!1d1219.9845893033464!2d7.1332769828042775!3d52.298413872359426!2m3!1f0!2f0!3f0!3m2!1i1024!2i768!4f13.1!3m3!1m2!1s0x47b83b5e814dc0b9%3A0x1f494dbf24f6691d!2sFestivalgel%C3%A4nde!5e0!3m2!1sde!2sde!4v1406291679604\" width=\"1000px\" height=\"600px\" frameborder=\"0\"><\/iframe><\/div><\/div>\n<p><strong><br \/>\nAdresse:<\/strong><br \/>\nFestivalgel\u00e4nde<br \/>\nZum Ferienpark<br \/>\n48455 Bad Bentheim<\/p>\n<div class=\"one_half\"><\/p>\n<h4>Anfahrt mit dem Zug:<\/h4>\n<p>Ihr kommt entweder aus Richtung Amsterdam oder aus Richtung Osnabr\u00fcck\/Bielefeld mit dem Zug nach Bad Bentheim. Am Bahnhof Bad Bentheim steigt ihr aus und folgt der Stra\u00dfe &#8222;Am Bahnhof&#8220; (rechts ab, wenn ihr mit dem R\u00fccken zum Bahnhofsgeb\u00e4ude steht). Ihr folgt dem Linksknick der Stra\u00dfe am Hagebaumarkt und dem Waldst\u00fcck vorbei.\u00a0<span style=\"line-height: 1.5em;\">Hinter dem Waldst\u00fcck (bei der Ampel) biegt ihr rechts ab. Ihr lauft an der Tankstelle und der n\u00e4chsten Ampelkreuzung vorbei und biegt an der n\u00e4chsten Ampel (vorm Ristorante Tonino entlang) rechts in den &#8222;Gildehauser Weg&#8220; ein. Diesem folgt ihr, bis ihr vorm Badepark steht. Links davon, hinter den Parkpl\u00e4tzen befindet sich das Festivalgel\u00e4nde.<\/span><\/p>\n<\/div>\n<div class=\"one_half last\"><\/p>\n<h4>Anfahrt mit dem Auto:<\/h4>\n<p><strong>\u00fcber A31:<\/strong>\u00a0ihr verlasst die A31 an der Abfahrt Bad Bentheim\/Ochtrup und fahrt Richtung Bentheim auf der B 403. Dieser folgt ihr \u00fcber die erste Ampelkreuzung (Fa. Diedrichs zur linken) durch die Franzosenschlucht (Br\u00fccke \u00fcber euch) und biegt an der n\u00e4chsten Ampel links ab Richtung Bad Bentheim (rechts geht es nach Sch\u00fcttorf). Nun \u00fcberquert ihr f\u00fcnf Ampeln (ihr fahrt vorbei an: Combi, Schlosspark\/Burg, Westfalen Tankstelle, Steakhaus, Ristorante Tonino). An der sechsten Ampelkreuzung biegt ihr rechts ab. Zu eurer Linken das Festivalgel\u00e4nde und die Parkpl\u00e4tze.<\/p>\n<p><strong>\u00fcber A30:<\/strong>\u00a0ihr verlasst die A30 an der Abfahrt Bad Bentheim\/Nordhorn und fahrt Richtung Bentheim auf der B403. Dieser folgt ihr durch den Bentheimer Wald, fahrt durch die Eisenbahnunterf\u00fchrung und \u00fcber die n\u00e4chsten zwei Fu\u00dfg\u00e4ngerampeln. An der gro\u00dfen Ampelkreuzung (der Schlo\u00dfpark und die Burg t\u00fcrmen sich vor euch auf) biegt ihr rechts ab auf die &#8222;Rheiner Stra\u00dfe&#8220;. Dieser folgt ihr \u00fcber drei Ampeln\u00a0(ihr fahrt vorbei an: Westfalen Tankstelle, Steakhaus, Ristorante Tonino). An der sechsten Ampelkreuzung biegt ihr rechts ab. Zu eurer Linken das Festivalgel\u00e4nde und die Parkpl\u00e4tze.<\/p>\n<\/div><div class=\"clearboth\"><\/div>\n","protected":false},"excerpt":{"rendered":"<p>Wie ihr zum Festivalgel\u00e4nde gelangt?<br \/>\nInfos zu Anfahrtsm\u00f6glichkeiten gibt es auf dieser Seite.<\/p>\n","protected":false},"author":1,"featured_media":0,"parent":193,"menu_order":0,"comment_status":"closed","ping_status":"closed","template":"page-full-width.php","meta":[],"_links":{"self":[{"href":"http:\/\/stonerockfestival.de\/rockampool\/wp-json\/wp\/v2\/pages\/271"}],"collection":[{"href":"http:\/\/stonerockfestival.de\/rockampool\/wp-json\/wp\/v2\/pages"}],"about":[{"href":"http:\/\/stonerockfestival.de\/rockampool\/wp-json\/wp\/v2\/types\/page"}],"author":[{"embeddable":true,"href":"http:\/\/stonerockfestival.de\/rockampool\/wp-json\/wp\/v2\/users\/1"}],"replies":[{"embeddable":true,"href":"http:\/\/stonerockfestival.de\/rockampool\/wp-json\/wp\/v2\/comments?post=271"}],"version-history":[{"count":46,"href":"http:\/\/stonerockfestival.de\/rockampool\/wp-json\/wp\/v2\/pages\/271\/revisions"}],"predecessor-version":[{"id":757,"href":"http:\/\/stonerockfestival.de\/rockampool\/wp-json\/wp\/v2\/pages\/271\/revisions\/757"}],"up":[{"embeddable":true,"href":"http:\/\/stonerockfestival.de\/rockampool\/wp-json\/wp\/v2\/pages\/193"}],"wp:attachment":[{"href":"http:\/\/stonerockfestival.de\/rockampool\/wp-json\/wp\/v2\/media?parent=271"}],"curies":[{"name":"wp","href":"https:\/\/api.w.org\/{rel}","templated":true}]}}