{"id":242,"date":"2014-04-18T15:18:45","date_gmt":"2014-04-18T13:18:45","guid":{"rendered":"http:\/\/stonerockfestival.de\/rockampool\/?page_id=242"},"modified":"2020-10-19T10:54:58","modified_gmt":"2020-10-19T08:54:58","slug":"tickets","status":"publish","type":"page","link":"http:\/\/stonerockfestival.de\/rockampool\/tickets\/","title":{"rendered":"Tickets"},"content":{"rendered":"<p class=\"p1\"><del><img decoding=\"async\" loading=\"lazy\" class=\"aligncenter wp-image-354 size-large\" src=\"http:\/\/stonerockfestival.de\/rockampool\/wp-content\/uploads\/2014\/04\/rockampool_info-1024x312.jpg\" alt=\"rockampool_info\" width=\"1024\" height=\"312\" srcset=\"http:\/\/stonerockfestival.de\/rockampool\/wp-content\/uploads\/2014\/04\/rockampool_info-1024x312.jpg 1024w, http:\/\/stonerockfestival.de\/rockampool\/wp-content\/uploads\/2014\/04\/rockampool_info-300x91.jpg 300w, http:\/\/stonerockfestival.de\/rockampool\/wp-content\/uploads\/2014\/04\/rockampool_info-720x220.jpg 720w\" sizes=\"(max-width: 1024px) 100vw, 1024px\" \/><\/del><\/p>\n<p>&nbsp;<\/p>\n<p>Am Freitag, den 28. Juli 2017 geht zum zehnten Mal der Rock am Pool auf dem Festivalgel\u00e4nde am Badepark-Bad Bentheim \u00fcber die StoneRock-B\u00fchne.<br \/>\nRockige Oldies, ein bisschen \u201ePanik\u201c, lecker Essen, k\u00fchles Bier, Biergarten-Atmosph\u00e4re, Feuertonnen wie immer und ganz, ganz viele nette Leute.<\/p>\n<p>Tickets f\u00fcr den Rock am Pool 2017 bekommt ihr online auf <a href=\"https:\/\/www.reservix.de\/tickets-rock-am-pool-2017-in-bad-bentheim-festivalgelaende-am-28-7-2017\/e1056139\">Reservix<\/a>. f\u00fcr schmale 9,00 \u20ac. Die edlen Hardcover-Tickets sind exklusiv in unseren treuen VVK-Stellen in Bad Bentheim und Umgebung f\u00fcr ebenfalls 9,00 \u20ac erh\u00e4ltlich.<\/p>\n<p><strong>HARDCOVER-VORVERKAUFSSTELLEN<\/strong><br \/>\n&#8211; Moldwurf, Sch\u00fcttorf<br \/>\n&#8211; Touristinformation, Bad Bentheim<br \/>\n&#8211; UJH bzw. Festivalgel\u00e4nde, Bad Bentheim<br \/>\n&#8211; H\u00f6lscher\/Beernink, Gildehaus<br \/>\n&#8211; Georgies, Nordhorn<\/p>\n<p><strong>Stadtsch\u00fctzenfest Bad Bentheim<\/strong><br \/>\nAuch wir freuen uns auf das bevorstehende Stadtsch\u00fctzenfest. In den Jahren dazwischen versuchen wir, Euch mit dem Rock am Pool die Wartezeit zu verk\u00fcrzen.<br \/>\nUnd f\u00fcr Eure Treue belohnen wir Euch mit einem <strong>Special Price f\u00fcr Bogengemeinschaften<\/strong>:<br \/>\nab 10 Personen gibt es 10 Tickets f\u00fcr schlanke 75,00 \u20ac (statt 90,00 \u20ac), jede weitere Person 7,50 \u20ac und ab 25 Personen kosten 25 Tickets nur noch 162,50 \u20ac (statt 225,00 \u20ac) und jede weitere Person 6,50 \u20ac.<br \/>\nNa, ist das ein Angebot?<br \/>\nDiese Tickets gibt es nur im Jugendhaus, auf dem Festivalgel\u00e4nde oder bei den Mitgliedern der Konzertinitiative Alternation.<br \/>\nEinfach eine Mail mit dem Namen der Bogengemeinschaft und der ben\u00f6tigten Anzahl Tickets an info@stonerockfestival.de schicken und wir machen einen Termin f\u00fcr die \u00dcbergabe ab. Alternativ k\u00f6nnen die Tickets auch telefonisch unter 05922\/9944920 oder 0151\/52458597 bestellt werden.<\/p>\n<p><strong>ROCK AM POOL TICKETS AN DER ABENDKASSE<\/strong><br \/>\nSofern nach dem Vorverkauf noch Tickets vorhanden sind, bieten wir Euch diese an der Abendkasse zum Preis von 14,00 \u20ac an.<\/p>\n<p><strong>RESERVIX-VORVERKAUFSSTELLEN (ROCK AM POOL)<\/strong><br \/>\nAlle offiziellen Reservix-Vorverkaufsstellen findet ihr hier. Dort k\u00f6nnt ihr nach PLZ bzw. Ort suchen und den n\u00e4chstgelegenen Partner finden.<\/p>\n","protected":false},"excerpt":{"rendered":"<p>Hier gibt es alle Informationen zum Ticketverkauf.<br \/>\nDer Vorverkauf startet bald &#8211; wir halten euch auf dem Laufenden!<\/p>\n","protected":false},"author":1,"featured_media":0,"parent":0,"menu_order":0,"comment_status":"closed","ping_status":"closed","template":"page-full-width.php","meta":[],"_links":{"self":[{"href":"http:\/\/stonerockfestival.de\/rockampool\/wp-json\/wp\/v2\/pages\/242"}],"collection":[{"href":"http:\/\/stonerockfestival.de\/rockampool\/wp-json\/wp\/v2\/pages"}],"about":[{"href":"http:\/\/stonerockfestival.de\/rockampool\/wp-json\/wp\/v2\/types\/page"}],"author":[{"embeddable":true,"href":"http:\/\/stonerockfestival.de\/rockampool\/wp-json\/wp\/v2\/users\/1"}],"replies":[{"embeddable":true,"href":"http:\/\/stonerockfestival.de\/rockampool\/wp-json\/wp\/v2\/comments?post=242"}],"version-history":[{"count":65,"href":"http:\/\/stonerockfestival.de\/rockampool\/wp-json\/wp\/v2\/pages\/242\/revisions"}],"predecessor-version":[{"id":963,"href":"http:\/\/stonerockfestival.de\/rockampool\/wp-json\/wp\/v2\/pages\/242\/revisions\/963"}],"wp:attachment":[{"href":"http:\/\/stonerockfestival.de\/rockampool\/wp-json\/wp\/v2\/media?parent=242"}],"curies":[{"name":"wp","href":"https:\/\/api.w.org\/{rel}","templated":true}]}}